{"id":57,"date":"2019-04-29T13:35:22","date_gmt":"2019-04-29T13:35:22","guid":{"rendered":"http:\/\/www.quadrinhosinfinitos.com.br\/?page_id=57"},"modified":"2021-06-05T21:32:29","modified_gmt":"2021-06-05T21:32:29","slug":"artigos-academicos","status":"publish","type":"page","link":"http:\/\/www.catiaana.art.br\/?page_id=57","title":{"rendered":"Textos acad\u00eamicos"},"content":{"rendered":"\n<p><strong><a href=\"https:\/\/www.youtube.com\/watch?v=DvBKD5fmc58&amp;t=3060s\">Apresenta\u00e7\u00e3o no 6\u00ba Col\u00f3quio do Observat\u00f3rio de Hist\u00f3rias em Quadrinhos da USP &#8211; Pr\u00eamio HQ MIX acad\u00eamico 2020<\/a><\/strong><br>Col\u00f3quio Cient\u00edfico Virtual do Observat\u00f3rio de Hist\u00f3rias em Quadrinhos da USP realizado em 06 de novembro de 2020, das 20 \u00e0s 22 horas.<\/p>\n\n\n\n<p><a href=\"http:\/\/www2.eca.usp.br\/jornadas\/anais\/6asjornadas\/artigos.php?artigo=q_linguagem\/catia_silva.pdf&amp;jornada=6\"><strong>A configura\u00e7\u00e3o temporal dos quadrinhos<\/strong><\/a><br>6as Jornadas Internacionais de Hist\u00f3rias em Quadrinhos, ECA-USP, 2020.<\/p>\n\n\n\n<p><a rel=\"noreferrer noopener\" href=\"http:\/\/marcadefantasia.com\/revistas\/imaginario\/imaginario11-20\/imaginario18\/2-catia-ana.pdf\" target=\"_blank\"><strong>O tempo nos quadrinhos: um estudo de <em>Here<\/em>, de Richard McGuire<\/strong><\/a><br>Imagin\u00e1rio!, n.18, junho-2020.<\/p>\n\n\n\n<p><a href=\"https:\/\/repositorio.bc.ufg.br\/tede\/handle\/tede\/9328\"><strong>O tempo multidimensional nos quadrinhos: um estudo das estrat\u00e9gias narrativas em <em>Here<\/em>, de Richard McGuire<\/strong><\/a> (disserta\u00e7\u00e3o, 2019)<\/p>\n\n\n\n<p><strong><a href=\"http:\/\/www.ufjf.br\/darandina\/files\/2018\/01\/Artigo-C%C3%A1tia-Ana-Baldoino-da-Silva.pdf\">Duas formas de testemunho em Art Spiegelman: An\u00e1lise das&nbsp;<\/a><em><a href=\"http:\/\/www.ufjf.br\/darandina\/files\/2018\/01\/Artigo-C%C3%A1tia-Ana-Baldoino-da-Silva.pdf\">graphic novels Maus&nbsp;<\/a><\/em><a href=\"http:\/\/www.ufjf.br\/darandina\/files\/2018\/01\/Artigo-C%C3%A1tia-Ana-Baldoino-da-Silva.pdf\">e&nbsp;<\/a><em><a href=\"http:\/\/www.ufjf.br\/darandina\/files\/2018\/01\/Artigo-C%C3%A1tia-Ana-Baldoino-da-Silva.pdf\">\u00c0 sombra das torres ausentes <\/a><\/em><\/strong> <br>Revista Darandina, V. 10, n.2, dez-2017.<\/p>\n\n\n\n<p><a href=\"https:\/\/www.google.com\/url?sa=t&amp;rct=j&amp;q=&amp;esrc=s&amp;source=web&amp;cd=1&amp;ved=2ahUKEwjY8o7Yv_XhAhWQrVkKHQf-Db8QFjAAegQIBBAC&amp;url=http%3A%2F%2Fao-norte.com%2Fimg%2Frecursos%2Fpublicacoes%2Fanais_encontros_de_fotografia_ago017.pdf&amp;usg=AOvVaw06QYN6yE4DoefUeMtN3Tz5\"><strong>Experimenta\u00e7\u00f5es com narrativas gr\u00e1ficas no ciberespa\u00e7o: o projeto O Di\u00e1rio de Virg\u00ednia. <\/strong><\/a> <br><em>Encontros de fotografia, cinema, artes digitais<\/em> 2017, Piren\u00f3polis, p. 148-154.<\/p>\n\n\n\n<p><a href=\"https:\/\/fnpasmacae.files.wordpress.com\/2018\/01\/a-arte-dos-quadrinhos_iii-fnpas.pdf\"><strong>A met\u00e1fora visual como recurso narrativo na HQ &#8220;Quando a noite fecha os olhos&#8221;<\/strong><\/a>. <br><em>A arte dos quadrinhos<\/em>, Edgar Franco e C\u00e1tia Ana (orgs.), ASPAS, 2017, p. 37-45.<\/p>\n\n\n\n<p><a href=\"http:\/\/www.odiariodevirginia.com\/pdf\/Artigo2.pdf\"><strong>Entre erros e acertos nos quadrinhos infinitos: o processo de cria\u00e7\u00e3o e produ\u00e7\u00e3o da HQtr\u00f4nica O Di\u00e1rio de Virg\u00ednia<\/strong><\/a> <br>Artigo publicado em 2014 no Semin\u00e1rio Iberoamericano sobre o Processo de Cria\u00e7\u00e3o nas Artes da UFES &#8211; Universidade Federal do Esp\u00edrito Santo.<\/p>\n\n\n\n<p><a href=\"http:\/\/www.odiariodevirginia.com\/pdf\/Artigo.pdf\"><strong>O Di\u00e1rio de Virg\u00ednia: a internet como suporte de experimenta\u00e7\u00e3o<\/strong><\/a><br>Artigo publicado em 2011 nas I Jornadas Internacionais de Hist\u00f3rias em Quadrinhos da USP &#8211; Universidade de S\u00e3o Paulo<\/p>\n","protected":false},"excerpt":{"rendered":"<p>Apresenta\u00e7\u00e3o no 6\u00ba Col\u00f3quio do Observat\u00f3rio de Hist\u00f3rias em Quadrinhos da USP &#8211; Pr\u00eamio HQ MIX acad\u00eamico 2020Col\u00f3quio Cient\u00edfico Virtual do Observat\u00f3rio de Hist\u00f3rias em Quadrinhos da USP realizado em 06 de novembro de 2020, das 20 \u00e0s 22 horas. A configura\u00e7\u00e3o temporal dos quadrinhos6as Jornadas Internacionais de Hist\u00f3rias em Quadrinhos, ECA-USP, 2020. O tempo &hellip; <\/p>\n<p class=\"link-more\"><a href=\"http:\/\/www.catiaana.art.br\/?page_id=57\" class=\"more-link\">Leia mais<span class=\"screen-reader-text\"> &#8220;Textos acad\u00eamicos&#8221;<\/span><\/a><\/p>\n","protected":false},"author":1,"featured_media":0,"parent":0,"menu_order":0,"comment_status":"closed","ping_status":"closed","template":"","meta":{"inspiro_hide_title":false,"footnotes":""},"class_list":["post-57","page","type-page","status-publish","hentry"],"_links":{"self":[{"href":"http:\/\/www.catiaana.art.br\/index.php?rest_route=\/wp\/v2\/pages\/57","targetHints":{"allow":["GET"]}}],"collection":[{"href":"http:\/\/www.catiaana.art.br\/index.php?rest_route=\/wp\/v2\/pages"}],"about":[{"href":"http:\/\/www.catiaana.art.br\/index.php?rest_route=\/wp\/v2\/types\/page"}],"author":[{"embeddable":true,"href":"http:\/\/www.catiaana.art.br\/index.php?rest_route=\/wp\/v2\/users\/1"}],"replies":[{"embeddable":true,"href":"http:\/\/www.catiaana.art.br\/index.php?rest_route=%2Fwp%2Fv2%2Fcomments&post=57"}],"version-history":[{"count":15,"href":"http:\/\/www.catiaana.art.br\/index.php?rest_route=\/wp\/v2\/pages\/57\/revisions"}],"predecessor-version":[{"id":907,"href":"http:\/\/www.catiaana.art.br\/index.php?rest_route=\/wp\/v2\/pages\/57\/revisions\/907"}],"wp:attachment":[{"href":"http:\/\/www.catiaana.art.br\/index.php?rest_route=%2Fwp%2Fv2%2Fmedia&parent=57"}],"curies":[{"name":"wp","href":"https:\/\/api.w.org\/{rel}","templated":true}]}}